{"id":586,"date":"2019-10-14T00:23:18","date_gmt":"2019-10-13T22:23:18","guid":{"rendered":"https:\/\/rezidencezenklova.cz\/lokalita\/"},"modified":"2022-05-15T19:29:27","modified_gmt":"2022-05-15T17:29:27","slug":"location","status":"publish","type":"page","link":"https:\/\/rezidencezenklova.cz\/en\/location\/","title":{"rendered":"Location"},"content":{"rendered":"<p>Projekt Rezidence Zenklova se nach\u00e1z\u00ed v\u00a0osm\u00e9 m\u011bstsk\u00e9 \u010d\u00e1sti Prahy \u2013 Palmovka na rohu ulic Ko\u017eelu\u017esk\u00e1 a&nbsp;Zenklova.<\/p>\n<p>Tato lokalita se vyzna\u010duje bohatou ob\u010danskou vybavenost\u00ed a&nbsp;vynikaj\u00edc\u00ed dopravn\u00ed dostupnost\u00ed MHD i&nbsp;automobilem do centra i&nbsp;sm\u011brem z\u00a0m\u011bsta ven. P\u0159\u00edmo p\u0159ed domem se nach\u00e1z\u00ed tramvajov\u00e1 zast\u00e1vka Divadlo pod Palmovkou a&nbsp;cca 220 m je pak vzd\u00e1lena stanice metra linky B \u2013 Palmovka.<\/p>\n<p>Rezidence Zenklova m\u00e1 ve sv\u00e9m sousedstv\u00ed celou \u0159adu restaurac\u00ed, kav\u00e1ren i&nbsp;pivnic. Nechyb\u00ed ani prodejny potravin Billa, Albert nebo \u017dabka. Pouh\u00e9 3 minuty p\u011b\u0161ky je vzd\u00e1lena z\u00e1kladn\u00ed \u0161kola Bohumila Hrabala nebo Gymn\u00e1zium U&nbsp;Libe\u0148sk\u00e9ho z\u00e1mku. Ani za kulturou to nen\u00ed daleko. P\u0159\u00edmo naproti domu je div\u00e1cky velmi obl\u00edben\u00e9 Divadlo pod Palmovkou, kde se krom\u011b divadeln\u00edch her odehr\u00e1vaj\u00ed i&nbsp;zaj\u00edmav\u00e9 koncerty.<\/p>\n<p>V\u0161echny majitele ps\u016f pak jist\u011b pot\u011b\u0161\u00ed nep\u0159ebern\u00e9 mno\u017estv\u00ed mo\u017enost\u00ed, kam vyrazit se sv\u00fdmi \u010dty\u0159noh\u00fdmi mazl\u00ed\u010dky na kr\u00e1tkou i&nbsp;del\u0161\u00ed proch\u00e1zku. Nad libe\u0148sk\u00fdm z\u00e1mkem se nach\u00e1z\u00ed vedle fotbalov\u00e9ho h\u0159i\u0161t\u011b tak\u00e9 ps\u00ed louka. V\u00a0okol\u00ed je cel\u00e1 \u0159ada kr\u00e1sn\u00fdch park\u016f, nejbli\u017e\u0161\u00edm z\u00a0nich jsou Thomayerovy sady, kam se lze vydat tak\u00e9 za aktivn\u00edm odpo\u010dinkem \u010di na piknik. D\u011btsk\u00e1 h\u0159i\u0161t\u011b se pov\u011bt\u0161inou nach\u00e1z\u00ed ve st\u00ednu vzrostl\u00fdch strom\u016f v\u00a0klidn\u00e9 \u010d\u00e1sti u&nbsp;slep\u00e9ho ramene Vltavy. V\u00a0bl\u00edzkosti domu je i&nbsp;cyklostezka, po kter\u00e9 se lze dostat jak do historick\u00e9ho centra m\u011bsta, tak i&nbsp;nap\u0159\u00edklad do Pra\u017esk\u00e9 ZOO v\u00a0Troji, do Stromovky nebo d\u00e1l ven z\u00a0m\u011bsta.<\/p>\n<p>Jen p\u00e1r metr\u016f od domu se nach\u00e1z\u00ed nap\u0159\u00edklad tak\u00e9 fitness, d\u011btsk\u00fd l\u00e9ka\u0159, po\u0161ta, \u010di zn\u00e1m\u00fd Libe\u0148sk\u00fd z\u00e1me\u010dek \u2013 obl\u00edben\u00e9 m\u00edsto v\u0161ech, kte\u0159\u00ed pl\u00e1nuj\u00ed svatbu.<\/p>\n","protected":false},"excerpt":{"rendered":"<p>Projekt Rezidence Zenklova se nach\u00e1z\u00ed v\u00a0osm\u00e9 m\u011bstsk\u00e9 \u010d\u00e1sti Prahy \u2013 Palmovka na rohu ulic Ko\u017eelu\u017esk\u00e1 a&nbsp;Zenklova. Tato lokalita se vyzna\u010duje bohatou ob\u010danskou vybavenost\u00ed a&nbsp;vynikaj\u00edc\u00ed dopravn\u00ed dostupnost\u00ed MHD i&nbsp;automobilem do centra i&nbsp;sm\u011brem z\u00a0m\u011bsta ven. P\u0159\u00edmo p\u0159ed domem se nach\u00e1z\u00ed tramvajov\u00e1 zast\u00e1vka Divadlo pod Palmovkou a&nbsp;cca 220 m je pak vzd\u00e1lena stanice metra linky B \u2013 Palmovka. [&hellip;]<\/p>\n","protected":false},"author":1,"featured_media":0,"parent":0,"menu_order":20,"comment_status":"closed","ping_status":"closed","template":"templates\/template-location.php","meta":{"footnotes":""},"class_list":["post-586","page","type-page","status-publish","hentry"],"_links":{"self":[{"href":"https:\/\/rezidencezenklova.cz\/en\/wp-json\/wp\/v2\/pages\/586","targetHints":{"allow":["GET"]}}],"collection":[{"href":"https:\/\/rezidencezenklova.cz\/en\/wp-json\/wp\/v2\/pages"}],"about":[{"href":"https:\/\/rezidencezenklova.cz\/en\/wp-json\/wp\/v2\/types\/page"}],"author":[{"embeddable":true,"href":"https:\/\/rezidencezenklova.cz\/en\/wp-json\/wp\/v2\/users\/1"}],"replies":[{"embeddable":true,"href":"https:\/\/rezidencezenklova.cz\/en\/wp-json\/wp\/v2\/comments?post=586"}],"version-history":[{"count":6,"href":"https:\/\/rezidencezenklova.cz\/en\/wp-json\/wp\/v2\/pages\/586\/revisions"}],"predecessor-version":[{"id":1512,"href":"https:\/\/rezidencezenklova.cz\/en\/wp-json\/wp\/v2\/pages\/586\/revisions\/1512"}],"wp:attachment":[{"href":"https:\/\/rezidencezenklova.cz\/en\/wp-json\/wp\/v2\/media?parent=586"}],"curies":[{"name":"wp","href":"https:\/\/api.w.org\/{rel}","templated":true}]}}